{"id":4130,"date":"2024-05-22T21:39:35","date_gmt":"2024-05-22T18:39:35","guid":{"rendered":"https:\/\/www.hellamieli.fi\/minikurssi\/?page_id=4130"},"modified":"2024-06-03T04:32:51","modified_gmt":"2024-06-03T01:32:51","slug":"paiva3","status":"publish","type":"page","link":"https:\/\/www.hellamieli.fi\/minikurssi\/paiva3\/","title":{"rendered":"Minikurssi p\u00e4iv\u00e4 3"},"content":{"rendered":"","protected":true},"excerpt":{"rendered":"","protected":true},"author":2,"featured_media":0,"parent":0,"menu_order":0,"comment_status":"closed","ping_status":"closed","template":"page-template-blank.php","meta":{"_et_pb_use_builder":"on","_et_pb_old_content":"","_et_gb_content_width":"","footnotes":""},"class_list":["post-4130","page","type-page","status-publish","post-password-required","hentry"],"yoast_head":"<!-- This site is optimized with the Yoast SEO plugin v21.2 - https:\/\/yoast.com\/wordpress\/plugins\/seo\/ -->\n<title>Minikurssi p\u00e4iv\u00e4 3 - Hell\u00e4 Mieli | Ole kiltti itsellesi<\/title>\n<meta name=\"robots\" content=\"index, follow, max-snippet:-1, max-image-preview:large, max-video-preview:-1\" \/>\n<link rel=\"canonical\" href=\"https:\/\/www.hellamieli.fi\/minikurssi\/paiva3\/\" \/>\n<meta property=\"og:locale\" content=\"fi_FI\" \/>\n<meta property=\"og:type\" content=\"article\" \/>\n<meta property=\"og:title\" content=\"Minikurssi p\u00e4iv\u00e4 3 - Hell\u00e4 Mieli | Ole kiltti itsellesi\" \/>\n<meta property=\"og:description\" content=\"Otetta ei n\u00e4ytet\u00e4, koska artikkeli on suojattu.\" \/>\n<meta property=\"og:url\" content=\"https:\/\/www.hellamieli.fi\/minikurssi\/paiva3\/\" \/>\n<meta property=\"og:site_name\" content=\"Hell\u00e4 Mieli | Ole kiltti itsellesi\" \/>\n<meta property=\"article:modified_time\" content=\"2024-06-03T01:32:51+00:00\" \/>\n<meta name=\"twitter:card\" content=\"summary_large_image\" \/>\n<meta name=\"twitter:label1\" content=\"Arvioitu lukuaika\" \/>\n\t<meta name=\"twitter:data1\" content=\"3 minuuttia\" \/>\n<script type=\"application\/ld+json\" class=\"yoast-schema-graph\">{\"@context\":\"https:\/\/schema.org\",\"@graph\":[{\"@type\":\"WebPage\",\"@id\":\"https:\/\/www.hellamieli.fi\/minikurssi\/paiva3\/\",\"url\":\"https:\/\/www.hellamieli.fi\/minikurssi\/paiva3\/\",\"name\":\"Minikurssi p\u00e4iv\u00e4 3 - Hell\u00e4 Mieli | Ole kiltti itsellesi\",\"isPartOf\":{\"@id\":\"https:\/\/www.hellamieli.fi\/minikurssi\/#website\"},\"datePublished\":\"2024-05-22T18:39:35+00:00\",\"dateModified\":\"2024-06-03T01:32:51+00:00\",\"breadcrumb\":{\"@id\":\"https:\/\/www.hellamieli.fi\/minikurssi\/paiva3\/#breadcrumb\"},\"inLanguage\":\"fi\"},{\"@type\":\"WebSite\",\"@id\":\"https:\/\/www.hellamieli.fi\/minikurssi\/#website\",\"url\":\"https:\/\/www.hellamieli.fi\/minikurssi\/\",\"name\":\"Hell\u00e4 Mieli | Ole kiltti itsellesi\",\"description\":\"TRE, Mindfulness &amp; J\u00e4nnitt\u00e4j\u00e4kurssit\",\"publisher\":{\"@id\":\"https:\/\/www.hellamieli.fi\/minikurssi\/#organization\"},\"potentialAction\":[{\"@type\":\"SearchAction\",\"target\":{\"@type\":\"EntryPoint\",\"urlTemplate\":\"https:\/\/www.hellamieli.fi\/minikurssi\/?s={search_term_string}\"},\"query-input\":\"required name=search_term_string\"}],\"inLanguage\":\"fi\"},{\"@type\":\"Organization\",\"@id\":\"https:\/\/www.hellamieli.fi\/minikurssi\/#organization\",\"name\":\"Hell\u00e4 Mieli | Ole kiltti itsellesi\",\"url\":\"https:\/\/www.hellamieli.fi\/minikurssi\/\",\"logo\":{\"@type\":\"ImageObject\",\"inLanguage\":\"fi\",\"@id\":\"https:\/\/www.hellamieli.fi\/minikurssi\/#\/schema\/logo\/image\/\",\"url\":\"https:\/\/www.hellamieli.fi\/minikurssi\/wp-content\/uploads\/2019\/12\/logo1-png.png\",\"contentUrl\":\"https:\/\/www.hellamieli.fi\/minikurssi\/wp-content\/uploads\/2019\/12\/logo1-png.png\",\"width\":1024,\"height\":200,\"caption\":\"Hell\u00e4 Mieli | Ole kiltti itsellesi\"},\"image\":{\"@id\":\"https:\/\/www.hellamieli.fi\/minikurssi\/#\/schema\/logo\/image\/\"}}]}<\/script>\n<!-- \/ Yoast SEO plugin. -->","yoast_head_json":{"title":"Minikurssi p\u00e4iv\u00e4 3 - Hell\u00e4 Mieli | Ole kiltti itsellesi","robots":{"index":"index","follow":"follow","max-snippet":"max-snippet:-1","max-image-preview":"max-image-preview:large","max-video-preview":"max-video-preview:-1"},"canonical":"https:\/\/www.hellamieli.fi\/minikurssi\/paiva3\/","og_locale":"fi_FI","og_type":"article","og_title":"Minikurssi p\u00e4iv\u00e4 3 - Hell\u00e4 Mieli | Ole kiltti itsellesi","og_description":"Otetta ei n\u00e4ytet\u00e4, koska artikkeli on suojattu.","og_url":"https:\/\/www.hellamieli.fi\/minikurssi\/paiva3\/","og_site_name":"Hell\u00e4 Mieli | Ole kiltti itsellesi","article_modified_time":"2024-06-03T01:32:51+00:00","twitter_card":"summary_large_image","twitter_misc":{"Arvioitu lukuaika":"3 minuuttia"},"schema":{"@context":"https:\/\/schema.org","@graph":[{"@type":"WebPage","@id":"https:\/\/www.hellamieli.fi\/minikurssi\/paiva3\/","url":"https:\/\/www.hellamieli.fi\/minikurssi\/paiva3\/","name":"Minikurssi p\u00e4iv\u00e4 3 - Hell\u00e4 Mieli | Ole kiltti itsellesi","isPartOf":{"@id":"https:\/\/www.hellamieli.fi\/minikurssi\/#website"},"datePublished":"2024-05-22T18:39:35+00:00","dateModified":"2024-06-03T01:32:51+00:00","breadcrumb":{"@id":"https:\/\/www.hellamieli.fi\/minikurssi\/paiva3\/#breadcrumb"},"inLanguage":"fi"},{"@type":"WebSite","@id":"https:\/\/www.hellamieli.fi\/minikurssi\/#website","url":"https:\/\/www.hellamieli.fi\/minikurssi\/","name":"Hell\u00e4 Mieli | Ole kiltti itsellesi","description":"TRE, Mindfulness &amp; J\u00e4nnitt\u00e4j\u00e4kurssit","publisher":{"@id":"https:\/\/www.hellamieli.fi\/minikurssi\/#organization"},"potentialAction":[{"@type":"SearchAction","target":{"@type":"EntryPoint","urlTemplate":"https:\/\/www.hellamieli.fi\/minikurssi\/?s={search_term_string}"},"query-input":"required name=search_term_string"}],"inLanguage":"fi"},{"@type":"Organization","@id":"https:\/\/www.hellamieli.fi\/minikurssi\/#organization","name":"Hell\u00e4 Mieli | Ole kiltti itsellesi","url":"https:\/\/www.hellamieli.fi\/minikurssi\/","logo":{"@type":"ImageObject","inLanguage":"fi","@id":"https:\/\/www.hellamieli.fi\/minikurssi\/#\/schema\/logo\/image\/","url":"https:\/\/www.hellamieli.fi\/minikurssi\/wp-content\/uploads\/2019\/12\/logo1-png.png","contentUrl":"https:\/\/www.hellamieli.fi\/minikurssi\/wp-content\/uploads\/2019\/12\/logo1-png.png","width":1024,"height":200,"caption":"Hell\u00e4 Mieli | Ole kiltti itsellesi"},"image":{"@id":"https:\/\/www.hellamieli.fi\/minikurssi\/#\/schema\/logo\/image\/"}}]}},"_links":{"self":[{"href":"https:\/\/www.hellamieli.fi\/minikurssi\/wp-json\/wp\/v2\/pages\/4130","targetHints":{"allow":["GET"]}}],"collection":[{"href":"https:\/\/www.hellamieli.fi\/minikurssi\/wp-json\/wp\/v2\/pages"}],"about":[{"href":"https:\/\/www.hellamieli.fi\/minikurssi\/wp-json\/wp\/v2\/types\/page"}],"author":[{"embeddable":true,"href":"https:\/\/www.hellamieli.fi\/minikurssi\/wp-json\/wp\/v2\/users\/2"}],"replies":[{"embeddable":true,"href":"https:\/\/www.hellamieli.fi\/minikurssi\/wp-json\/wp\/v2\/comments?post=4130"}],"version-history":[{"count":6,"href":"https:\/\/www.hellamieli.fi\/minikurssi\/wp-json\/wp\/v2\/pages\/4130\/revisions"}],"predecessor-version":[{"id":4152,"href":"https:\/\/www.hellamieli.fi\/minikurssi\/wp-json\/wp\/v2\/pages\/4130\/revisions\/4152"}],"wp:attachment":[{"href":"https:\/\/www.hellamieli.fi\/minikurssi\/wp-json\/wp\/v2\/media?parent=4130"}],"curies":[{"name":"wp","href":"https:\/\/api.w.org\/{rel}","templated":true}]}}